{"id":9,"date":"2010-06-05T16:53:13","date_gmt":"2010-06-05T14:53:13","guid":{"rendered":"http:\/\/alpeblik.dk\/grillkylling\/?page_id=9"},"modified":"2020-09-26T11:39:24","modified_gmt":"2020-09-26T09:39:24","slug":"vognparken","status":"publish","type":"page","link":"https:\/\/alpeblik.dk\/grillkylling\/vognparken\/","title":{"rendered":"Vognparken"},"content":{"rendered":"<p>Vores vognpark best\u00e5r af:<\/p>\n<p>&#8220;Kermit&#8221;, vores\u00a0<a href=\"http:\/\/www.webergrill.dk\/Master-Touch\u00ae-57-cm.---NYHED-747.aspx\" target=\"_blank\" rel=\"noopener noreferrer\">Weber Master Touch 57cm Lime<\/a>, k\u00f8bt i sommeren 2010.<\/p>\n<p><img loading=\"lazy\" decoding=\"async\" class=\"size-full wp-image-203 aligncenter\" title=\"Kermit\" src=\"http:\/\/alpeblik.dk\/grillkylling\/wp-content\/uploads\/2010\/06\/20100627-223949-MHP.jpg\" alt=\"\" width=\"500\" height=\"335\" srcset=\"https:\/\/alpeblik.dk\/grillkylling\/wp-content\/uploads\/2010\/06\/20100627-223949-MHP.jpg 500w, https:\/\/alpeblik.dk\/grillkylling\/wp-content\/uploads\/2010\/06\/20100627-223949-MHP-300x201.jpg 300w\" sizes=\"auto, (max-width: 500px) 100vw, 500px\" \/><\/p>\n<p>I tidlige for\u00e5r 2018 k\u00f8bte vi en <a href=\"http:\/\/www.charbroil.dk\/digital-smoker-dk-140-722\" target=\"_blank\" rel=\"noopener noreferrer\">Chabroil Smoker<\/a> som erstatning for den store <a href=\"http:\/\/www.weber.com\/DK\/da\/grill\/kulgrill\/smokey-mountain-cooker-serien\/721004.html\" target=\"_blank\" rel=\"noopener noreferrer\">Weber Smokey Mountain<\/a>\u00a0som vi havde til at st\u00e5 i garagen. Der var ingen der gad at l\u00f8be op og ned ad trapperne, s\u00e5 den blev ikke rigtig brugt og derfor valgte vi at skifte den ud med en lille digital smoker i stedet.<\/p>\n<p><img loading=\"lazy\" decoding=\"async\" class=\"size-full wp-image-3491 aligncenter\" src=\"http:\/\/alpeblik.dk\/grillkylling\/wp-content\/uploads\/2018\/04\/20180311-143609-ADP.jpg\" alt=\"\" width=\"431\" height=\"575\" srcset=\"https:\/\/alpeblik.dk\/grillkylling\/wp-content\/uploads\/2018\/04\/20180311-143609-ADP.jpg 431w, https:\/\/alpeblik.dk\/grillkylling\/wp-content\/uploads\/2018\/04\/20180311-143609-ADP-225x300.jpg 225w\" sizes=\"auto, (max-width: 431px) 100vw, 431px\" \/><\/p>\n<p>Vi er store fan af kul og ild, s\u00e5 det var ikke nemt for os at v\u00e6lge digital, men nu kan vi godt se at den passer bedre til vores plads og vi har allerede brugt den flere gange, s\u00e5 den kommer til at bliver brugt mere end vores WSM.<\/p>\n<p>Seneste tilf\u00f8jelse til vognparken, i for\u00e5ret 2018, er &#8220;Mr. Eggie&#8221;, en <a href=\"https:\/\/www.biggreenegg.eu\/dk\/\" target=\"_blank\" rel=\"noopener noreferrer\">Big Green Egg<\/a> str. Medium.<\/p>\n<p><img loading=\"lazy\" decoding=\"async\" class=\"size-full wp-image-3492 aligncenter\" src=\"http:\/\/alpeblik.dk\/grillkylling\/wp-content\/uploads\/2018\/04\/20180410-123001-ADP.jpg\" alt=\"\" width=\"431\" height=\"575\" srcset=\"https:\/\/alpeblik.dk\/grillkylling\/wp-content\/uploads\/2018\/04\/20180410-123001-ADP.jpg 431w, https:\/\/alpeblik.dk\/grillkylling\/wp-content\/uploads\/2018\/04\/20180410-123001-ADP-225x300.jpg 225w\" sizes=\"auto, (max-width: 431px) 100vw, 431px\" \/><\/p>\n<p>Det er en grill der l\u00e6nge har st\u00e5et p\u00e5 \u00f8nskelisten og nu har vi endelig besluttet at f\u00e5 en \ud83d\ude09<\/p>\n<p>Sidst, men ikke mindst har vi\u00a0<a href=\"http:\/\/www.cobb.dk\" target=\"_blank\" rel=\"noopener noreferrer\">Cobb&#8217;en<\/a>, som vi bruger n\u00e5r vi er p\u00e5 ferie eller p\u00e5 tur. Der er perfekt til rejsebrug og der er ikke det den ikke kan klare &#8211; eller vi har i hvert fald ikke m\u00f8dt noget endnu der ikke kunne grilles deri :-P.<\/p>\n<p><img loading=\"lazy\" decoding=\"async\" class=\"size-full wp-image-48 aligncenter\" title=\"Cobb transportabel grill\" src=\"http:\/\/alpeblik.dk\/grillkylling\/wp-content\/uploads\/2010\/06\/20100502-180947-ADP.jpg\" alt=\"Cobb transportabel grill\" width=\"500\" height=\"375\" srcset=\"https:\/\/alpeblik.dk\/grillkylling\/wp-content\/uploads\/2010\/06\/20100502-180947-ADP.jpg 500w, https:\/\/alpeblik.dk\/grillkylling\/wp-content\/uploads\/2010\/06\/20100502-180947-ADP-300x225.jpg 300w\" sizes=\"auto, (max-width: 500px) 100vw, 500px\" \/><\/p>\n<p>Udvendigt bliver grillen ikke varm (l\u00e5get bliver selvf\u00f8lgelig varm under brug) og blot 5 minutter efter man er f\u00e6rdig med at grille kan den pakkes ned i b\u00e6retasken og smides bag i bilen.<\/p>\n","protected":false},"excerpt":{"rendered":"<p>Vores vognpark best\u00e5r af: &#8220;Kermit&#8221;, vores\u00a0Weber Master Touch 57cm Lime, k\u00f8bt i sommeren 2010. I tidlige for\u00e5r 2018 k\u00f8bte vi en Chabroil Smoker som erstatning for den store Weber Smokey Mountain\u00a0som vi havde til at st\u00e5 i garagen. Der var ingen der gad at l\u00f8be op og ned ad trapperne, s\u00e5 den blev ikke rigtig&hellip;<\/p>\n","protected":false},"author":6,"featured_media":0,"parent":0,"menu_order":1,"comment_status":"open","ping_status":"open","template":"","meta":{"footnotes":""},"class_list":["post-9","page","type-page","status-publish","hentry"],"_links":{"self":[{"href":"https:\/\/alpeblik.dk\/grillkylling\/wp-json\/wp\/v2\/pages\/9","targetHints":{"allow":["GET"]}}],"collection":[{"href":"https:\/\/alpeblik.dk\/grillkylling\/wp-json\/wp\/v2\/pages"}],"about":[{"href":"https:\/\/alpeblik.dk\/grillkylling\/wp-json\/wp\/v2\/types\/page"}],"author":[{"embeddable":true,"href":"https:\/\/alpeblik.dk\/grillkylling\/wp-json\/wp\/v2\/users\/6"}],"replies":[{"embeddable":true,"href":"https:\/\/alpeblik.dk\/grillkylling\/wp-json\/wp\/v2\/comments?post=9"}],"version-history":[{"count":28,"href":"https:\/\/alpeblik.dk\/grillkylling\/wp-json\/wp\/v2\/pages\/9\/revisions"}],"predecessor-version":[{"id":5147,"href":"https:\/\/alpeblik.dk\/grillkylling\/wp-json\/wp\/v2\/pages\/9\/revisions\/5147"}],"wp:attachment":[{"href":"https:\/\/alpeblik.dk\/grillkylling\/wp-json\/wp\/v2\/media?parent=9"}],"curies":[{"name":"wp","href":"https:\/\/api.w.org\/{rel}","templated":true}]}}